{"id":2,"date":"2025-03-20T00:28:50","date_gmt":"2025-03-20T00:28:50","guid":{"rendered":"http:\/\/dev241.stackcode.io\/DrZarate\/?page_id=2"},"modified":"2025-04-08T22:30:15","modified_gmt":"2025-04-08T22:30:15","slug":"sample-page","status":"publish","type":"page","link":"https:\/\/www.ginecologoveracruz.com\/blog\/sample-page\/","title":{"rendered":"\u00a1Bienvenida a mi blog!"},"content":{"rendered":"\t\t<div data-elementor-type=\"wp-page\" data-elementor-id=\"2\" class=\"elementor elementor-2\">\n\t\t\t\t<div class=\"elementor-element elementor-element-555d5cb e-flex e-con-boxed wpr-particle-no wpr-jarallax-no wpr-parallax-no wpr-sticky-section-no e-con e-parent\" data-id=\"555d5cb\" data-element_type=\"container\">\n\t\t\t\t\t<div class=\"e-con-inner\">\n\t\t\t\t<div class=\"elementor-element elementor-element-98a3e7a title_position_default title_hover_border_default title-default img_hover_animation_default grid-hover-overlay-type-always tpg-el-box-border-enable tpg-border-bottom-disable elementor-widget elementor-widget-tpg-grid-layout\" data-id=\"98a3e7a\" data-element_type=\"widget\" data-widget_type=\"tpg-grid-layout.default\">\n\t\t\t\t<div class=\"elementor-widget-container\">\n\t\t\t\t\t\t\t<div class=\"rt-container-fluid rt-tpg-container tpg-el-main-wrapper clearfix grid-layout3-main \"\n\t\t\t id=\"rt-tpg-container-2467604605\"\n\t\t\t data-layout=\"grid-layout3\"\n\t\t\t data-grid-style=\"tpg-full-height\"\n\t\t\t data-sc-id=\"elementor\"\n\t\t\t data-el-settings=''\n\t\t\t data-el-query=''\n\t\t\t data-el-path=''\n\t\t>\n\t\t\t\t\t\t<div class='tpg-header-wrapper '>\n\t\t\t\t\t\t\t<\/div>\n\n\t\t\t<div data-title=\"Loading ...\" class=\"rt-row rt-content-loader grid-layout3 grid-behaviour tpg-full-height grid_layout_wrapper\">\n\t\t\t\t\n<div class=\"rt-col-md-4 rt-col-sm-6 rt-col-xs-12 default rt-grid-item\" data-id=\"574\">\n\t<div class=\"rt-holder tpg-post-holder\">\n\t\t<div class=\"rt-detail rt-el-content-wrapper\">\n\t\t\t\t\t\t\t<div class=\"rt-img-holder tpg-el-image-wrap has-thumbnail\">\n\t\t\t\t\t<a data-id=\"574\" href=\"https:\/\/www.ginecologoveracruz.com\/blog\/dolor_y_hormigueo_en_la_mano_durante-el-embarazo\/\" class=\"tpg-post-link\" target=\"_self\">                        <img fetchpriority=\"high\" decoding=\"async\" src=\"https:\/\/www.ginecologoveracruz.com\/blog\/wp-content\/uploads\/2025\/04\/dolorembarazo2-768x512.jpg\"\n                             class=\"rt-img-responsive\"\n                             width=\"768\"\n                             height=\"512\"\n                             alt=\"Dolor y hormigueo en la mano: \u00bfDurante el embarazo?\">\n\t\t\t\t\t\t\n\t\t\t\t\t\t\t\n\t\t<\/a>\n\t\t        <div class=\"overlay grid-hover-content\"><\/div>\n\t\t\t\t\t\t<\/div>\n\t\t\t\n\n\t\t\t<div class=\"entry-title-wrapper\"><h3 class=\"entry-title\"><a data-id=\"574\" href=\"https:\/\/www.ginecologoveracruz.com\/blog\/dolor_y_hormigueo_en_la_mano_durante-el-embarazo\/\" class=\"tpg-post-link\" target=\"_self\">Dolor y hormigueo en la mano: \u00bfDurante el embarazo?<\/a><\/h3><\/div>\n\t\t\t\n\t\t\t\t\t\t\t<div class=\"tpg-excerpt tpg-el-excerpt\">\n\t\t\t\t\t\t\t\t\t\t\t<div class=\"tpg-excerpt-inner\">\n\t\t\t\t\t\t\tTe encuentras embarazada y presentas ardor, hormigueo, punzadas en especial en los dedos \u00edndice, medio y anular. Los s\u00edntomas normalmente...\t\t\t\t\t\t<\/div>\n\t\t\t\t\t\t\t\t\t\t\t\t\t\t<\/div>\n\t\t\t\n\t\t\t\t\t<\/div>\n\t<\/div>\n<\/div>\n\n<div class=\"rt-col-md-4 rt-col-sm-6 rt-col-xs-12 default rt-grid-item\" data-id=\"478\">\n\t<div class=\"rt-holder tpg-post-holder\">\n\t\t<div class=\"rt-detail rt-el-content-wrapper\">\n\t\t\t\t\t\t\t<div class=\"rt-img-holder tpg-el-image-wrap has-thumbnail\">\n\t\t\t\t\t<a data-id=\"478\" href=\"https:\/\/www.ginecologoveracruz.com\/blog\/ausencia-de-olores-o-sabores-sintomas-de-infeccion-por-coronavirus\/\" class=\"tpg-post-link\" target=\"_self\">                        <img decoding=\"async\" src=\"https:\/\/www.ginecologoveracruz.com\/blog\/wp-content\/uploads\/2025\/03\/sintomascovid-768x512.jpg\"\n                             class=\"rt-img-responsive\"\n                             width=\"768\"\n                             height=\"512\"\n                             alt=\"Ausencia de olores o sabores S\u00edntomas de infecci\u00f3n por Coronavirus\">\n\t\t\t\t\t\t\n\t\t\t\t\t\t\t\n\t\t<\/a>\n\t\t        <div class=\"overlay grid-hover-content\"><\/div>\n\t\t\t\t\t\t<\/div>\n\t\t\t\n\n\t\t\t<div class=\"entry-title-wrapper\"><h3 class=\"entry-title\"><a data-id=\"478\" href=\"https:\/\/www.ginecologoveracruz.com\/blog\/ausencia-de-olores-o-sabores-sintomas-de-infeccion-por-coronavirus\/\" class=\"tpg-post-link\" target=\"_self\">Ausencia de olores o sabores S\u00edntomas de infecci\u00f3n por Coronavirus<\/a><\/h3><\/div>\n\t\t\t\n\t\t\t\t\t\t\t<div class=\"tpg-excerpt tpg-el-excerpt\">\n\t\t\t\t\t\t\t\t\t\t\t<div class=\"tpg-excerpt-inner\">\n\t\t\t\t\t\t\tLos s\u00edntomas generalmente comienzan 4 o 5 d\u00edas despu\u00e9s de que una persona se infecta con el virus. Pero en...\t\t\t\t\t\t<\/div>\n\t\t\t\t\t\t\t\t\t\t\t\t\t\t<\/div>\n\t\t\t\n\t\t\t\t\t<\/div>\n\t<\/div>\n<\/div>\n\n<div class=\"rt-col-md-4 rt-col-sm-6 rt-col-xs-12 default rt-grid-item\" data-id=\"458\">\n\t<div class=\"rt-holder tpg-post-holder\">\n\t\t<div class=\"rt-detail rt-el-content-wrapper\">\n\t\t\t\t\t\t\t<div class=\"rt-img-holder tpg-el-image-wrap has-thumbnail\">\n\t\t\t\t\t<a data-id=\"458\" href=\"https:\/\/www.ginecologoveracruz.com\/blog\/conoce-todo-acerca-del-coronavirus-covid-19\/\" class=\"tpg-post-link\" target=\"_self\">                        <img decoding=\"async\" src=\"https:\/\/www.ginecologoveracruz.com\/blog\/wp-content\/uploads\/2025\/03\/covid19-768x512.jpg\"\n                             class=\"rt-img-responsive\"\n                             width=\"768\"\n                             height=\"512\"\n                             alt=\"Conoce todo acerca del Coronavirus \u2013 COVID-19\">\n\t\t\t\t\t\t\n\t\t\t\t\t\t\t\n\t\t<\/a>\n\t\t        <div class=\"overlay grid-hover-content\"><\/div>\n\t\t\t\t\t\t<\/div>\n\t\t\t\n\n\t\t\t<div class=\"entry-title-wrapper\"><h3 class=\"entry-title\"><a data-id=\"458\" href=\"https:\/\/www.ginecologoveracruz.com\/blog\/conoce-todo-acerca-del-coronavirus-covid-19\/\" class=\"tpg-post-link\" target=\"_self\">Conoce todo acerca del Coronavirus \u2013 COVID-19<\/a><\/h3><\/div>\n\t\t\t\n\t\t\t\t\t\t\t<div class=\"tpg-excerpt tpg-el-excerpt\">\n\t\t\t\t\t\t\t\t\t\t\t<div class=\"tpg-excerpt-inner\">\n\t\t\t\t\t\t\tEs una infecci\u00f3n ocasionada por un virus espec\u00edfico llamado SARS-CoV-2. El virus apareci\u00f3 por primera vez en 2019 en la...\t\t\t\t\t\t<\/div>\n\t\t\t\t\t\t\t\t\t\t\t\t\t\t<\/div>\n\t\t\t\n\t\t\t\t\t<\/div>\n\t<\/div>\n<\/div>\n\n<div class=\"rt-col-md-4 rt-col-sm-6 rt-col-xs-12 default rt-grid-item\" data-id=\"456\">\n\t<div class=\"rt-holder tpg-post-holder\">\n\t\t<div class=\"rt-detail rt-el-content-wrapper\">\n\t\t\t\t\t\t\t<div class=\"rt-img-holder tpg-el-image-wrap has-thumbnail\">\n\t\t\t\t\t<a data-id=\"456\" href=\"https:\/\/www.ginecologoveracruz.com\/blog\/cubrebocas-es-correcto-usarlo-conoce-los-tipos-y-como-utilizarlo\/\" class=\"tpg-post-link\" target=\"_self\">                        <img loading=\"lazy\" decoding=\"async\" src=\"https:\/\/www.ginecologoveracruz.com\/blog\/wp-content\/uploads\/2025\/03\/cubrebocas-768x512.jpg\"\n                             class=\"rt-img-responsive\"\n                             width=\"768\"\n                             height=\"512\"\n                             alt=\"Cubrebocas: Es correcto usarlo? Conoce los tipos y c\u00f3mo utilizarlo.\">\n\t\t\t\t\t\t\n\t\t\t\t\t\t\t\n\t\t<\/a>\n\t\t        <div class=\"overlay grid-hover-content\"><\/div>\n\t\t\t\t\t\t<\/div>\n\t\t\t\n\n\t\t\t<div class=\"entry-title-wrapper\"><h3 class=\"entry-title\"><a data-id=\"456\" href=\"https:\/\/www.ginecologoveracruz.com\/blog\/cubrebocas-es-correcto-usarlo-conoce-los-tipos-y-como-utilizarlo\/\" class=\"tpg-post-link\" target=\"_self\">Cubrebocas: Es correcto usarlo? Conoce los tipos y c\u00f3mo utilizarlo.<\/a><\/h3><\/div>\n\t\t\t\n\t\t\t\t\t\t\t<div class=\"tpg-excerpt tpg-el-excerpt\">\n\t\t\t\t\t\t\t\t\t\t\t<div class=\"tpg-excerpt-inner\">\n\t\t\t\t\t\t\tLo primero que debemos entender es saber qu\u00e9 tipos de cubrebocas existen. B\u00e1sicamente son 3 tipos...\t\t\t\t\t\t<\/div>\n\t\t\t\t\t\t\t\t\t\t\t\t\t\t<\/div>\n\t\t\t\n\t\t\t\t\t<\/div>\n\t<\/div>\n<\/div>\n\n<div class=\"rt-col-md-4 rt-col-sm-6 rt-col-xs-12 default rt-grid-item\" data-id=\"419\">\n\t<div class=\"rt-holder tpg-post-holder\">\n\t\t<div class=\"rt-detail rt-el-content-wrapper\">\n\t\t\t\t\t\t\t<div class=\"rt-img-holder tpg-el-image-wrap has-thumbnail\">\n\t\t\t\t\t<a data-id=\"419\" href=\"https:\/\/www.ginecologoveracruz.com\/blog\/dolor-y-hormigueo-en-la-mano-durante-el-embarazo-copy\/\" class=\"tpg-post-link\" target=\"_self\">                        <img loading=\"lazy\" decoding=\"async\" src=\"https:\/\/www.ginecologoveracruz.com\/blog\/wp-content\/uploads\/2025\/03\/partohumanizado-768x512.jpg\"\n                             class=\"rt-img-responsive\"\n                             width=\"768\"\n                             height=\"512\"\n                             alt=\"\u00bfQu\u00e9 es el parto humanizado?\">\n\t\t\t\t\t\t\n\t\t\t\t\t\t\t\n\t\t<\/a>\n\t\t        <div class=\"overlay grid-hover-content\"><\/div>\n\t\t\t\t\t\t<\/div>\n\t\t\t\n\n\t\t\t<div class=\"entry-title-wrapper\"><h3 class=\"entry-title\"><a data-id=\"419\" href=\"https:\/\/www.ginecologoveracruz.com\/blog\/dolor-y-hormigueo-en-la-mano-durante-el-embarazo-copy\/\" class=\"tpg-post-link\" target=\"_self\">\u00bfQu\u00e9 es el parto humanizado?<\/a><\/h3><\/div>\n\t\t\t\n\t\t\t\t\t\t\t<div class=\"tpg-excerpt tpg-el-excerpt\">\n\t\t\t\t\t\t\t\t\t\t\t<div class=\"tpg-excerpt-inner\">\n\t\t\t\t\t\t\tHasta el momento no existe una definici\u00f3n exacta de lo que es un \u201cparto humanizado\u201d, sin embargo, la atenci\u00f3n de...\t\t\t\t\t\t<\/div>\n\t\t\t\t\t\t\t\t\t\t\t\t\t\t<\/div>\n\t\t\t\n\t\t\t\t\t<\/div>\n\t<\/div>\n<\/div>\n\t\t\t<\/div>\n\t\t\t\n\t\t<\/div>\n\t\t\t\t\t\t<\/div>\n\t\t\t\t<\/div>\n\t\t\t\t\t<\/div>\n\t\t\t\t<\/div>\n\t\t\t\t<\/div>\n\t\t","protected":false},"excerpt":{"rendered":"<p>Elementor #714 Y AQUI VA A IR EL CONTENIDO DEL POST&#8230; Dolor y hormigueo en la mano: \u00bfDurante el embarazo? Te encuentras embarazada y presentas ardor, hormigueo, punzadas en especial en los dedos \u00edndice, medio y anular. Los s\u00edntomas normalmente&#8230; Nueva publicaci\u00f3n El contenido del post ser\u00e1 publicado con respecto al resumen general que se realice de la actividad correspondiente al mes&#8230; Ausencia de olores o sabores S\u00edntomas de infecci\u00f3n por Coronavirus Los s\u00edntomas generalmente comienzan 4 o 5 d\u00edas despu\u00e9s de que una persona se infecta con el virus. Pero en&#8230; Conoce todo acerca del Coronavirus \u2013 COVID-19 Es una infecci\u00f3n ocasionada por un virus espec\u00edfico llamado SARS-CoV-2. El virus apareci\u00f3 por primera vez en 2019 en la&#8230; Cubrebocas: Es correcto usarlo? Conoce los tipos y c\u00f3mo utilizarlo. Lo primero que debemos entender es saber qu\u00e9 tipos de cubrebocas existen. B\u00e1sicamente son 3 tipos&#8230; \u00bfQu\u00e9 es el parto humanizado? Hasta el momento no existe una definici\u00f3n exacta de lo que es un \u201cparto humanizado\u201d, sin embargo, la atenci\u00f3n de&#8230;<\/p>\n","protected":false},"author":1,"featured_media":0,"parent":0,"menu_order":0,"comment_status":"closed","ping_status":"closed","template":"","meta":{"site-sidebar-layout":"default","site-content-layout":"","ast-site-content-layout":"","site-content-style":"default","site-sidebar-style":"default","ast-global-header-display":"","ast-banner-title-visibility":"","ast-main-header-display":"","ast-hfb-above-header-display":"","ast-hfb-below-header-display":"","ast-hfb-mobile-header-display":"","site-post-title":"","ast-breadcrumbs-content":"","ast-featured-img":"","footer-sml-layout":"","theme-transparent-header-meta":"","adv-header-id-meta":"","stick-header-meta":"","header-above-stick-meta":"","header-main-stick-meta":"","header-below-stick-meta":"","astra-migrate-meta-layouts":"default","ast-page-background-enabled":"default","ast-page-background-meta":{"desktop":{"background-color":"var(--ast-global-color-5)","background-image":"","background-repeat":"repeat","background-position":"center center","background-size":"auto","background-attachment":"scroll","background-type":"","background-media":"","overlay-type":"","overlay-color":"","overlay-opacity":"","overlay-gradient":""},"tablet":{"background-color":"","background-image":"","background-repeat":"repeat","background-position":"center center","background-size":"auto","background-attachment":"scroll","background-type":"","background-media":"","overlay-type":"","overlay-color":"","overlay-opacity":"","overlay-gradient":""},"mobile":{"background-color":"","background-image":"","background-repeat":"repeat","background-position":"center center","background-size":"auto","background-attachment":"scroll","background-type":"","background-media":"","overlay-type":"","overlay-color":"","overlay-opacity":"","overlay-gradient":""}},"ast-content-background-meta":{"desktop":{"background-color":"var(--ast-global-color-4)","background-image":"","background-repeat":"repeat","background-position":"center center","background-size":"auto","background-attachment":"scroll","background-type":"","background-media":"","overlay-type":"","overlay-color":"","overlay-opacity":"","overlay-gradient":""},"tablet":{"background-color":"var(--ast-global-color-4)","background-image":"","background-repeat":"repeat","background-position":"center center","background-size":"auto","background-attachment":"scroll","background-type":"","background-media":"","overlay-type":"","overlay-color":"","overlay-opacity":"","overlay-gradient":""},"mobile":{"background-color":"var(--ast-global-color-4)","background-image":"","background-repeat":"repeat","background-position":"center center","background-size":"auto","background-attachment":"scroll","background-type":"","background-media":"","overlay-type":"","overlay-color":"","overlay-opacity":"","overlay-gradient":""}},"footnotes":""},"class_list":["post-2","page","type-page","status-publish","hentry"],"rttpg_featured_image_url":null,"rttpg_author":{"display_name":"David Z\u00e1rate","author_link":"https:\/\/www.ginecologoveracruz.com\/blog\/author\/admin\/"},"rttpg_comment":0,"rttpg_category":"","rttpg_excerpt":"Elementor #714 Y AQUI VA A IR EL CONTENIDO DEL POST&#8230; Dolor y hormigueo en la mano: \u00bfDurante el embarazo? Te encuentras embarazada y presentas ardor, hormigueo, punzadas en especial en los dedos \u00edndice, medio y anular. Los s\u00edntomas normalmente&#8230; Nueva publicaci\u00f3n El contenido del post ser\u00e1 publicado con respecto al resumen general que se&hellip;","_links":{"self":[{"href":"https:\/\/www.ginecologoveracruz.com\/blog\/wp-json\/wp\/v2\/pages\/2","targetHints":{"allow":["GET"]}}],"collection":[{"href":"https:\/\/www.ginecologoveracruz.com\/blog\/wp-json\/wp\/v2\/pages"}],"about":[{"href":"https:\/\/www.ginecologoveracruz.com\/blog\/wp-json\/wp\/v2\/types\/page"}],"author":[{"embeddable":true,"href":"https:\/\/www.ginecologoveracruz.com\/blog\/wp-json\/wp\/v2\/users\/1"}],"replies":[{"embeddable":true,"href":"https:\/\/www.ginecologoveracruz.com\/blog\/wp-json\/wp\/v2\/comments?post=2"}],"version-history":[{"count":45,"href":"https:\/\/www.ginecologoveracruz.com\/blog\/wp-json\/wp\/v2\/pages\/2\/revisions"}],"predecessor-version":[{"id":735,"href":"https:\/\/www.ginecologoveracruz.com\/blog\/wp-json\/wp\/v2\/pages\/2\/revisions\/735"}],"wp:attachment":[{"href":"https:\/\/www.ginecologoveracruz.com\/blog\/wp-json\/wp\/v2\/media?parent=2"}],"curies":[{"name":"wp","href":"https:\/\/api.w.org\/{rel}","templated":true}]}}